{"id":388,"date":"2025-03-13T19:59:26","date_gmt":"2025-03-13T19:59:26","guid":{"rendered":"https:\/\/prodecad.com\/?post_type=product&#038;p=388"},"modified":"2025-12-02T08:41:13","modified_gmt":"2025-12-02T08:41:13","slug":"van-gogh","status":"publish","type":"product","link":"https:\/\/prodecad.com\/pt\/product\/van-gogh\/","title":{"rendered":"Van Gogh"},"content":{"rendered":"<p>&#8216;Vincent Van Gogh&#8217;, es el \u00e9xito de la Iconic Artist Collection.<\/p>\n<p>Dise\u00f1ada para crear una sonrisa natural. Es ideal para los casos exigentes que requieren mucha est\u00e9tica anterior.<\/p>\n<p style=\"text-align: center;\"><strong>Incluida la instalaci\u00f3n de la librer\u00eda dental en su software de Exocad.<\/strong><\/p>","protected":false},"excerpt":{"rendered":"<p>&#8216;Vincent Van Gogh&#8217;, es el \u00e9xito de la Iconic Artist Collection. Dise\u00f1ada para crear una sonrisa natural. Es ideal para los casos exigentes que requieren mucha est\u00e9tica anterior. Incluida la instalaci\u00f3n de la librer\u00eda dental en su software de Exocad.<\/p>","protected":false},"featured_media":389,"comment_status":"open","ping_status":"closed","template":"","meta":{"content-type":"","_joinchat":[]},"product_brand":[38],"product_cat":[37],"product_tag":[],"class_list":{"0":"post-388","1":"product","2":"type-product","3":"status-publish","4":"has-post-thumbnail","6":"product_brand-prodecad","7":"product_cat-anatomias","9":"first","10":"instock","11":"downloadable","12":"virtual","13":"sold-individually","14":"taxable","15":"purchasable","16":"product-type-simple"},"yoast_head":"<!-- This site is optimized with the Yoast SEO plugin v27.4 - https:\/\/yoast.com\/product\/yoast-seo-wordpress\/ -->\n<title>Libreria dental 3D para Exocad con forma juvenil - Van Gogh<\/title>\n<meta name=\"description\" content=\"\u2705 Librer\u00eda de dientes naturales en stl con forma juvenil para instalar en Exocad. Forma triangular de anatom\u00eda dental 3D para dise\u00f1o de alta est\u00e9tica.\" \/>\n<meta name=\"robots\" content=\"index, follow, max-snippet:-1, max-image-preview:large, max-video-preview:-1\" \/>\n<link rel=\"canonical\" href=\"https:\/\/prodecad.com\/pt\/product\/van-gogh\/\" \/>\n<meta property=\"og:locale\" content=\"pt_BR\" \/>\n<meta property=\"og:type\" content=\"article\" \/>\n<meta property=\"og:title\" content=\"Libreria dental 3D para Exocad con forma juvenil - Van Gogh\" \/>\n<meta property=\"og:description\" content=\"\u2705 Librer\u00eda de dientes naturales en stl con forma juvenil para instalar en Exocad. Forma triangular de anatom\u00eda dental 3D para dise\u00f1o de alta est\u00e9tica.\" \/>\n<meta property=\"og:url\" content=\"https:\/\/prodecad.com\/pt\/product\/van-gogh\/\" \/>\n<meta property=\"og:site_name\" content=\"Prodecad Dental\" \/>\n<meta property=\"article:modified_time\" content=\"2025-12-02T08:41:13+00:00\" \/>\n<meta property=\"og:image\" content=\"https:\/\/prodecad.com\/wp-content\/uploads\/2025\/03\/Anatomia-Dental-Digital-Van-Gogh-Biblioteca-STL-para-Odontologia-Digita.png\" \/>\n\t<meta property=\"og:image:width\" content=\"1215\" \/>\n\t<meta property=\"og:image:height\" content=\"1215\" \/>\n\t<meta property=\"og:image:type\" content=\"image\/png\" \/>\n<meta name=\"twitter:card\" content=\"summary_large_image\" \/>\n<meta name=\"twitter:label1\" content=\"Est. tempo de leitura\" \/>\n\t<meta name=\"twitter:data1\" content=\"1 minuto\" \/>\n<script type=\"application\/ld+json\" class=\"yoast-schema-graph\">{\"@context\":\"https:\\\/\\\/schema.org\",\"@graph\":[{\"@type\":\"WebPage\",\"@id\":\"https:\\\/\\\/prodecad.com\\\/es\\\/producto\\\/van-gogh\\\/\",\"url\":\"https:\\\/\\\/prodecad.com\\\/es\\\/producto\\\/van-gogh\\\/\",\"name\":\"Libreria dental 3D para Exocad con forma juvenil - Van Gogh\",\"isPartOf\":{\"@id\":\"https:\\\/\\\/prodecad.com\\\/#website\"},\"primaryImageOfPage\":{\"@id\":\"https:\\\/\\\/prodecad.com\\\/es\\\/producto\\\/van-gogh\\\/#primaryimage\"},\"image\":{\"@id\":\"https:\\\/\\\/prodecad.com\\\/es\\\/producto\\\/van-gogh\\\/#primaryimage\"},\"thumbnailUrl\":\"https:\\\/\\\/prodecad.com\\\/wp-content\\\/uploads\\\/2025\\\/03\\\/Anatomia-Dental-Digital-Van-Gogh-Biblioteca-STL-para-Odontologia-Digita.png\",\"datePublished\":\"2025-03-13T19:59:26+00:00\",\"dateModified\":\"2025-12-02T08:41:13+00:00\",\"description\":\"\u2705 Librer\u00eda de dientes naturales en stl con forma juvenil para instalar en Exocad. Forma triangular de anatom\u00eda dental 3D para dise\u00f1o de alta est\u00e9tica.\",\"breadcrumb\":{\"@id\":\"https:\\\/\\\/prodecad.com\\\/es\\\/producto\\\/van-gogh\\\/#breadcrumb\"},\"inLanguage\":\"pt-BR\",\"potentialAction\":[{\"@type\":\"ReadAction\",\"target\":[\"https:\\\/\\\/prodecad.com\\\/es\\\/producto\\\/van-gogh\\\/\"]}]},{\"@type\":\"ImageObject\",\"inLanguage\":\"pt-BR\",\"@id\":\"https:\\\/\\\/prodecad.com\\\/es\\\/producto\\\/van-gogh\\\/#primaryimage\",\"url\":\"https:\\\/\\\/prodecad.com\\\/wp-content\\\/uploads\\\/2025\\\/03\\\/Anatomia-Dental-Digital-Van-Gogh-Biblioteca-STL-para-Odontologia-Digita.png\",\"contentUrl\":\"https:\\\/\\\/prodecad.com\\\/wp-content\\\/uploads\\\/2025\\\/03\\\/Anatomia-Dental-Digital-Van-Gogh-Biblioteca-STL-para-Odontologia-Digita.png\",\"width\":1215,\"height\":1215,\"caption\":\"Biblioteca digital con dise\u00f1o CAD inspirado en Van Gogh.\"},{\"@type\":\"BreadcrumbList\",\"@id\":\"https:\\\/\\\/prodecad.com\\\/es\\\/producto\\\/van-gogh\\\/#breadcrumb\",\"itemListElement\":[{\"@type\":\"ListItem\",\"position\":1,\"name\":\"Portada\",\"item\":\"https:\\\/\\\/prodecad.com\\\/\"},{\"@type\":\"ListItem\",\"position\":2,\"name\":\"Productos\",\"item\":\"https:\\\/\\\/prodecad.com\\\/shop\\\/\"},{\"@type\":\"ListItem\",\"position\":3,\"name\":\"Van Gogh\"}]},{\"@type\":\"WebSite\",\"@id\":\"https:\\\/\\\/prodecad.com\\\/#website\",\"url\":\"https:\\\/\\\/prodecad.com\\\/\",\"name\":\"Prodecad Dental\",\"description\":\"El Portal Digital del Sector Odontol\u00f3gico.\",\"publisher\":{\"@id\":\"https:\\\/\\\/prodecad.com\\\/#organization\"},\"potentialAction\":[{\"@type\":\"SearchAction\",\"target\":{\"@type\":\"EntryPoint\",\"urlTemplate\":\"https:\\\/\\\/prodecad.com\\\/?s={search_term_string}\"},\"query-input\":{\"@type\":\"PropertyValueSpecification\",\"valueRequired\":true,\"valueName\":\"search_term_string\"}}],\"inLanguage\":\"pt-BR\"},{\"@type\":\"Organization\",\"@id\":\"https:\\\/\\\/prodecad.com\\\/#organization\",\"name\":\"Prodecad Dental\",\"url\":\"https:\\\/\\\/prodecad.com\\\/\",\"logo\":{\"@type\":\"ImageObject\",\"inLanguage\":\"pt-BR\",\"@id\":\"https:\\\/\\\/prodecad.com\\\/#\\\/schema\\\/logo\\\/image\\\/\",\"url\":\"https:\\\/\\\/prodecad.com\\\/wp-content\\\/uploads\\\/2025\\\/03\\\/Logotipo-Prodecad-Blanco-sin-fondo.png\",\"contentUrl\":\"https:\\\/\\\/prodecad.com\\\/wp-content\\\/uploads\\\/2025\\\/03\\\/Logotipo-Prodecad-Blanco-sin-fondo.png\",\"width\":612,\"height\":125,\"caption\":\"Prodecad Dental\"},\"image\":{\"@id\":\"https:\\\/\\\/prodecad.com\\\/#\\\/schema\\\/logo\\\/image\\\/\"}}]}<\/script>\n<!-- \/ Yoast SEO plugin. -->","yoast_head_json":{"title":"Libreria dental 3D para Exocad con forma juvenil - Van Gogh","description":"\u2705 Librer\u00eda de dientes naturales en stl con forma juvenil para instalar en Exocad. Forma triangular de anatom\u00eda dental 3D para dise\u00f1o de alta est\u00e9tica.","robots":{"index":"index","follow":"follow","max-snippet":"max-snippet:-1","max-image-preview":"max-image-preview:large","max-video-preview":"max-video-preview:-1"},"canonical":"https:\/\/prodecad.com\/pt\/product\/van-gogh\/","og_locale":"pt_BR","og_type":"article","og_title":"Libreria dental 3D para Exocad con forma juvenil - Van Gogh","og_description":"\u2705 Librer\u00eda de dientes naturales en stl con forma juvenil para instalar en Exocad. Forma triangular de anatom\u00eda dental 3D para dise\u00f1o de alta est\u00e9tica.","og_url":"https:\/\/prodecad.com\/pt\/product\/van-gogh\/","og_site_name":"Prodecad Dental","article_modified_time":"2025-12-02T08:41:13+00:00","og_image":[{"width":1215,"height":1215,"url":"https:\/\/prodecad.com\/wp-content\/uploads\/2025\/03\/Anatomia-Dental-Digital-Van-Gogh-Biblioteca-STL-para-Odontologia-Digita.png","type":"image\/png"}],"twitter_card":"summary_large_image","twitter_misc":{"Est. tempo de leitura":"1 minuto"},"schema":{"@context":"https:\/\/schema.org","@graph":[{"@type":"WebPage","@id":"https:\/\/prodecad.com\/es\/producto\/van-gogh\/","url":"https:\/\/prodecad.com\/es\/producto\/van-gogh\/","name":"Libreria dental 3D para Exocad con forma juvenil - Van Gogh","isPartOf":{"@id":"https:\/\/prodecad.com\/#website"},"primaryImageOfPage":{"@id":"https:\/\/prodecad.com\/es\/producto\/van-gogh\/#primaryimage"},"image":{"@id":"https:\/\/prodecad.com\/es\/producto\/van-gogh\/#primaryimage"},"thumbnailUrl":"https:\/\/prodecad.com\/wp-content\/uploads\/2025\/03\/Anatomia-Dental-Digital-Van-Gogh-Biblioteca-STL-para-Odontologia-Digita.png","datePublished":"2025-03-13T19:59:26+00:00","dateModified":"2025-12-02T08:41:13+00:00","description":"\u2705 Librer\u00eda de dientes naturales en stl con forma juvenil para instalar en Exocad. Forma triangular de anatom\u00eda dental 3D para dise\u00f1o de alta est\u00e9tica.","breadcrumb":{"@id":"https:\/\/prodecad.com\/es\/producto\/van-gogh\/#breadcrumb"},"inLanguage":"pt-BR","potentialAction":[{"@type":"ReadAction","target":["https:\/\/prodecad.com\/es\/producto\/van-gogh\/"]}]},{"@type":"ImageObject","inLanguage":"pt-BR","@id":"https:\/\/prodecad.com\/es\/producto\/van-gogh\/#primaryimage","url":"https:\/\/prodecad.com\/wp-content\/uploads\/2025\/03\/Anatomia-Dental-Digital-Van-Gogh-Biblioteca-STL-para-Odontologia-Digita.png","contentUrl":"https:\/\/prodecad.com\/wp-content\/uploads\/2025\/03\/Anatomia-Dental-Digital-Van-Gogh-Biblioteca-STL-para-Odontologia-Digita.png","width":1215,"height":1215,"caption":"Biblioteca digital con dise\u00f1o CAD inspirado en Van Gogh."},{"@type":"BreadcrumbList","@id":"https:\/\/prodecad.com\/es\/producto\/van-gogh\/#breadcrumb","itemListElement":[{"@type":"ListItem","position":1,"name":"Portada","item":"https:\/\/prodecad.com\/"},{"@type":"ListItem","position":2,"name":"Productos","item":"https:\/\/prodecad.com\/shop\/"},{"@type":"ListItem","position":3,"name":"Van Gogh"}]},{"@type":"WebSite","@id":"https:\/\/prodecad.com\/#website","url":"https:\/\/prodecad.com\/","name":"Prodecad Dental","description":"O Portal Digital do Setor Odontol\u00f3gico.","publisher":{"@id":"https:\/\/prodecad.com\/#organization"},"potentialAction":[{"@type":"SearchAction","target":{"@type":"EntryPoint","urlTemplate":"https:\/\/prodecad.com\/?s={search_term_string}"},"query-input":{"@type":"PropertyValueSpecification","valueRequired":true,"valueName":"search_term_string"}}],"inLanguage":"pt-BR"},{"@type":"Organization","@id":"https:\/\/prodecad.com\/#organization","name":"Prodecad Dental","url":"https:\/\/prodecad.com\/","logo":{"@type":"ImageObject","inLanguage":"pt-BR","@id":"https:\/\/prodecad.com\/#\/schema\/logo\/image\/","url":"https:\/\/prodecad.com\/wp-content\/uploads\/2025\/03\/Logotipo-Prodecad-Blanco-sin-fondo.png","contentUrl":"https:\/\/prodecad.com\/wp-content\/uploads\/2025\/03\/Logotipo-Prodecad-Blanco-sin-fondo.png","width":612,"height":125,"caption":"Prodecad Dental"},"image":{"@id":"https:\/\/prodecad.com\/#\/schema\/logo\/image\/"}}]}},"jetpack_sharing_enabled":true,"_links":{"self":[{"href":"https:\/\/prodecad.com\/pt\/wp-json\/wp\/v2\/product\/388","targetHints":{"allow":["GET"]}}],"collection":[{"href":"https:\/\/prodecad.com\/pt\/wp-json\/wp\/v2\/product"}],"about":[{"href":"https:\/\/prodecad.com\/pt\/wp-json\/wp\/v2\/types\/product"}],"replies":[{"embeddable":true,"href":"https:\/\/prodecad.com\/pt\/wp-json\/wp\/v2\/comments?post=388"}],"wp:featuredmedia":[{"embeddable":true,"href":"https:\/\/prodecad.com\/pt\/wp-json\/wp\/v2\/media\/389"}],"wp:attachment":[{"href":"https:\/\/prodecad.com\/pt\/wp-json\/wp\/v2\/media?parent=388"}],"wp:term":[{"taxonomy":"product_brand","embeddable":true,"href":"https:\/\/prodecad.com\/pt\/wp-json\/wp\/v2\/product_brand?post=388"},{"taxonomy":"product_cat","embeddable":true,"href":"https:\/\/prodecad.com\/pt\/wp-json\/wp\/v2\/product_cat?post=388"},{"taxonomy":"product_tag","embeddable":true,"href":"https:\/\/prodecad.com\/pt\/wp-json\/wp\/v2\/product_tag?post=388"}],"curies":[{"name":"wp","href":"https:\/\/api.w.org\/{rel}","templated":true}]}}