{"id":856,"date":"2025-03-20T23:46:37","date_gmt":"2025-03-20T23:46:37","guid":{"rendered":"https:\/\/prodecad.com\/?post_type=product&#038;p=856"},"modified":"2025-12-02T09:22:25","modified_gmt":"2025-12-02T09:22:25","slug":"oferta-artist-collection-completa","status":"publish","type":"product","link":"https:\/\/prodecad.com\/es\/producto\/oferta-artist-collection-completa\/","title":{"rendered":"Artist Collection Completa"},"content":{"rendered":"<p>Exprime el m\u00e1ximo potencial de la Iconic Artist Collection.<\/p>\n<p>Ll\u00e9vate hoy las seis formas de la biblioteca digital de anatom\u00eda dental que est\u00e1 cambiando la forma en la que cientos de laboratorios dise\u00f1an.<\/p>\n<p><strong>Incluida la instalaci\u00f3n de las librer\u00edas de dientes en su software de exocad con la compra.<\/strong><\/p>\n","protected":false},"excerpt":{"rendered":"<p>Exprime el m\u00e1ximo potencial de la Iconic Artist Collection. Ll\u00e9vate hoy las seis formas de la biblioteca digital de anatom\u00eda dental que est\u00e1 cambiando la forma en la que cientos de laboratorios dise\u00f1an. Incluida la instalaci\u00f3n de las librer\u00edas de dientes en su software de exocad con la compra.<\/p>\n","protected":false},"featured_media":937,"comment_status":"open","ping_status":"closed","template":"","meta":{"content-type":"","_joinchat":[]},"product_brand":[38],"product_cat":[37],"product_tag":[],"class_list":{"0":"post-856","1":"product","2":"type-product","3":"status-publish","4":"has-post-thumbnail","6":"product_brand-prodecad","7":"product_cat-anatomias","9":"first","10":"instock","11":"sale","12":"downloadable","13":"virtual","14":"sold-individually","15":"taxable","16":"purchasable","17":"product-type-woosb"},"yoast_head":"<!-- This site is optimized with the Yoast SEO plugin v27.4 - https:\/\/yoast.com\/product\/yoast-seo-wordpress\/ -->\n<title>Seis librer\u00edas de dientes 3D completas para Exocad<\/title>\n<meta name=\"description\" content=\"\u2705 La colecci\u00f3n de seis anatom\u00edas de dientes 3D completas para Exocad que duplicar\u00e1n tu producci\u00f3n de dise\u00f1o. Bimaxilares totales en stl de 18-28 y 38-48.\" \/>\n<meta name=\"robots\" content=\"index, follow, max-snippet:-1, max-image-preview:large, max-video-preview:-1\" \/>\n<link rel=\"canonical\" href=\"https:\/\/prodecad.com\/es\/producto\/oferta-artist-collection-completa\/\" \/>\n<meta property=\"og:locale\" content=\"es_ES\" \/>\n<meta property=\"og:type\" content=\"article\" \/>\n<meta property=\"og:title\" content=\"Seis librer\u00edas de dientes 3D completas para Exocad\" \/>\n<meta property=\"og:description\" content=\"\u2705 La colecci\u00f3n de seis anatom\u00edas de dientes 3D completas para Exocad que duplicar\u00e1n tu producci\u00f3n de dise\u00f1o. Bimaxilares totales en stl de 18-28 y 38-48.\" \/>\n<meta property=\"og:url\" content=\"https:\/\/prodecad.com\/es\/producto\/oferta-artist-collection-completa\/\" \/>\n<meta property=\"og:site_name\" content=\"Prodecad Dental\" \/>\n<meta property=\"article:modified_time\" content=\"2025-12-02T09:22:25+00:00\" \/>\n<meta property=\"og:image\" content=\"https:\/\/prodecad.com\/wp-content\/uploads\/2025\/03\/Oferta-Especial-Artist-Collection.png\" \/>\n\t<meta property=\"og:image:width\" content=\"1080\" \/>\n\t<meta property=\"og:image:height\" content=\"1080\" \/>\n\t<meta property=\"og:image:type\" content=\"image\/png\" \/>\n<meta name=\"twitter:card\" content=\"summary_large_image\" \/>\n<meta name=\"twitter:label1\" content=\"Tiempo de lectura\" \/>\n\t<meta name=\"twitter:data1\" content=\"1 minuto\" \/>\n<script type=\"application\/ld+json\" class=\"yoast-schema-graph\">{\"@context\":\"https:\\\/\\\/schema.org\",\"@graph\":[{\"@type\":\"WebPage\",\"@id\":\"https:\\\/\\\/prodecad.com\\\/es\\\/producto\\\/oferta-artist-collection-completa\\\/\",\"url\":\"https:\\\/\\\/prodecad.com\\\/es\\\/producto\\\/oferta-artist-collection-completa\\\/\",\"name\":\"Seis librer\u00edas de dientes 3D completas para Exocad\",\"isPartOf\":{\"@id\":\"https:\\\/\\\/prodecad.com\\\/#website\"},\"primaryImageOfPage\":{\"@id\":\"https:\\\/\\\/prodecad.com\\\/es\\\/producto\\\/oferta-artist-collection-completa\\\/#primaryimage\"},\"image\":{\"@id\":\"https:\\\/\\\/prodecad.com\\\/es\\\/producto\\\/oferta-artist-collection-completa\\\/#primaryimage\"},\"thumbnailUrl\":\"https:\\\/\\\/prodecad.com\\\/wp-content\\\/uploads\\\/2025\\\/03\\\/Oferta-Especial-Artist-Collection.png\",\"datePublished\":\"2025-03-20T23:46:37+00:00\",\"dateModified\":\"2025-12-02T09:22:25+00:00\",\"description\":\"\u2705 La colecci\u00f3n de seis anatom\u00edas de dientes 3D completas para Exocad que duplicar\u00e1n tu producci\u00f3n de dise\u00f1o. Bimaxilares totales en stl de 18-28 y 38-48.\",\"breadcrumb\":{\"@id\":\"https:\\\/\\\/prodecad.com\\\/es\\\/producto\\\/oferta-artist-collection-completa\\\/#breadcrumb\"},\"inLanguage\":\"es\",\"potentialAction\":[{\"@type\":\"ReadAction\",\"target\":[\"https:\\\/\\\/prodecad.com\\\/es\\\/producto\\\/oferta-artist-collection-completa\\\/\"]}]},{\"@type\":\"ImageObject\",\"inLanguage\":\"es\",\"@id\":\"https:\\\/\\\/prodecad.com\\\/es\\\/producto\\\/oferta-artist-collection-completa\\\/#primaryimage\",\"url\":\"https:\\\/\\\/prodecad.com\\\/wp-content\\\/uploads\\\/2025\\\/03\\\/Oferta-Especial-Artist-Collection.png\",\"contentUrl\":\"https:\\\/\\\/prodecad.com\\\/wp-content\\\/uploads\\\/2025\\\/03\\\/Oferta-Especial-Artist-Collection.png\",\"width\":1080,\"height\":1080},{\"@type\":\"BreadcrumbList\",\"@id\":\"https:\\\/\\\/prodecad.com\\\/es\\\/producto\\\/oferta-artist-collection-completa\\\/#breadcrumb\",\"itemListElement\":[{\"@type\":\"ListItem\",\"position\":1,\"name\":\"Portada\",\"item\":\"https:\\\/\\\/prodecad.com\\\/\"},{\"@type\":\"ListItem\",\"position\":2,\"name\":\"Productos\",\"item\":\"https:\\\/\\\/prodecad.com\\\/shop\\\/\"},{\"@type\":\"ListItem\",\"position\":3,\"name\":\"Artist Collection Completa\"}]},{\"@type\":\"WebSite\",\"@id\":\"https:\\\/\\\/prodecad.com\\\/#website\",\"url\":\"https:\\\/\\\/prodecad.com\\\/\",\"name\":\"Prodecad Dental\",\"description\":\"El Portal Digital del Sector Odontol\u00f3gico.\",\"publisher\":{\"@id\":\"https:\\\/\\\/prodecad.com\\\/#organization\"},\"potentialAction\":[{\"@type\":\"SearchAction\",\"target\":{\"@type\":\"EntryPoint\",\"urlTemplate\":\"https:\\\/\\\/prodecad.com\\\/?s={search_term_string}\"},\"query-input\":{\"@type\":\"PropertyValueSpecification\",\"valueRequired\":true,\"valueName\":\"search_term_string\"}}],\"inLanguage\":\"es\"},{\"@type\":\"Organization\",\"@id\":\"https:\\\/\\\/prodecad.com\\\/#organization\",\"name\":\"Prodecad Dental\",\"url\":\"https:\\\/\\\/prodecad.com\\\/\",\"logo\":{\"@type\":\"ImageObject\",\"inLanguage\":\"es\",\"@id\":\"https:\\\/\\\/prodecad.com\\\/#\\\/schema\\\/logo\\\/image\\\/\",\"url\":\"https:\\\/\\\/prodecad.com\\\/wp-content\\\/uploads\\\/2025\\\/03\\\/Logotipo-Prodecad-Blanco-sin-fondo.png\",\"contentUrl\":\"https:\\\/\\\/prodecad.com\\\/wp-content\\\/uploads\\\/2025\\\/03\\\/Logotipo-Prodecad-Blanco-sin-fondo.png\",\"width\":612,\"height\":125,\"caption\":\"Prodecad Dental\"},\"image\":{\"@id\":\"https:\\\/\\\/prodecad.com\\\/#\\\/schema\\\/logo\\\/image\\\/\"}}]}<\/script>\n<!-- \/ Yoast SEO plugin. -->","yoast_head_json":{"title":"Seis librer\u00edas de dientes 3D completas para Exocad","description":"\u2705 La colecci\u00f3n de seis anatom\u00edas de dientes 3D completas para Exocad que duplicar\u00e1n tu producci\u00f3n de dise\u00f1o. Bimaxilares totales en stl de 18-28 y 38-48.","robots":{"index":"index","follow":"follow","max-snippet":"max-snippet:-1","max-image-preview":"max-image-preview:large","max-video-preview":"max-video-preview:-1"},"canonical":"https:\/\/prodecad.com\/es\/producto\/oferta-artist-collection-completa\/","og_locale":"es_ES","og_type":"article","og_title":"Seis librer\u00edas de dientes 3D completas para Exocad","og_description":"\u2705 La colecci\u00f3n de seis anatom\u00edas de dientes 3D completas para Exocad que duplicar\u00e1n tu producci\u00f3n de dise\u00f1o. Bimaxilares totales en stl de 18-28 y 38-48.","og_url":"https:\/\/prodecad.com\/es\/producto\/oferta-artist-collection-completa\/","og_site_name":"Prodecad Dental","article_modified_time":"2025-12-02T09:22:25+00:00","og_image":[{"width":1080,"height":1080,"url":"https:\/\/prodecad.com\/wp-content\/uploads\/2025\/03\/Oferta-Especial-Artist-Collection.png","type":"image\/png"}],"twitter_card":"summary_large_image","twitter_misc":{"Tiempo de lectura":"1 minuto"},"schema":{"@context":"https:\/\/schema.org","@graph":[{"@type":"WebPage","@id":"https:\/\/prodecad.com\/es\/producto\/oferta-artist-collection-completa\/","url":"https:\/\/prodecad.com\/es\/producto\/oferta-artist-collection-completa\/","name":"Seis librer\u00edas de dientes 3D completas para Exocad","isPartOf":{"@id":"https:\/\/prodecad.com\/#website"},"primaryImageOfPage":{"@id":"https:\/\/prodecad.com\/es\/producto\/oferta-artist-collection-completa\/#primaryimage"},"image":{"@id":"https:\/\/prodecad.com\/es\/producto\/oferta-artist-collection-completa\/#primaryimage"},"thumbnailUrl":"https:\/\/prodecad.com\/wp-content\/uploads\/2025\/03\/Oferta-Especial-Artist-Collection.png","datePublished":"2025-03-20T23:46:37+00:00","dateModified":"2025-12-02T09:22:25+00:00","description":"\u2705 La colecci\u00f3n de seis anatom\u00edas de dientes 3D completas para Exocad que duplicar\u00e1n tu producci\u00f3n de dise\u00f1o. Bimaxilares totales en stl de 18-28 y 38-48.","breadcrumb":{"@id":"https:\/\/prodecad.com\/es\/producto\/oferta-artist-collection-completa\/#breadcrumb"},"inLanguage":"es","potentialAction":[{"@type":"ReadAction","target":["https:\/\/prodecad.com\/es\/producto\/oferta-artist-collection-completa\/"]}]},{"@type":"ImageObject","inLanguage":"es","@id":"https:\/\/prodecad.com\/es\/producto\/oferta-artist-collection-completa\/#primaryimage","url":"https:\/\/prodecad.com\/wp-content\/uploads\/2025\/03\/Oferta-Especial-Artist-Collection.png","contentUrl":"https:\/\/prodecad.com\/wp-content\/uploads\/2025\/03\/Oferta-Especial-Artist-Collection.png","width":1080,"height":1080},{"@type":"BreadcrumbList","@id":"https:\/\/prodecad.com\/es\/producto\/oferta-artist-collection-completa\/#breadcrumb","itemListElement":[{"@type":"ListItem","position":1,"name":"Portada","item":"https:\/\/prodecad.com\/"},{"@type":"ListItem","position":2,"name":"Productos","item":"https:\/\/prodecad.com\/shop\/"},{"@type":"ListItem","position":3,"name":"Artist Collection Completa"}]},{"@type":"WebSite","@id":"https:\/\/prodecad.com\/#website","url":"https:\/\/prodecad.com\/","name":"Prodecad Dental","description":"El Portal Digital del Sector Odontol\u00f3gico.","publisher":{"@id":"https:\/\/prodecad.com\/#organization"},"potentialAction":[{"@type":"SearchAction","target":{"@type":"EntryPoint","urlTemplate":"https:\/\/prodecad.com\/?s={search_term_string}"},"query-input":{"@type":"PropertyValueSpecification","valueRequired":true,"valueName":"search_term_string"}}],"inLanguage":"es"},{"@type":"Organization","@id":"https:\/\/prodecad.com\/#organization","name":"Prodecad Dental","url":"https:\/\/prodecad.com\/","logo":{"@type":"ImageObject","inLanguage":"es","@id":"https:\/\/prodecad.com\/#\/schema\/logo\/image\/","url":"https:\/\/prodecad.com\/wp-content\/uploads\/2025\/03\/Logotipo-Prodecad-Blanco-sin-fondo.png","contentUrl":"https:\/\/prodecad.com\/wp-content\/uploads\/2025\/03\/Logotipo-Prodecad-Blanco-sin-fondo.png","width":612,"height":125,"caption":"Prodecad Dental"},"image":{"@id":"https:\/\/prodecad.com\/#\/schema\/logo\/image\/"}}]}},"jetpack_sharing_enabled":true,"_links":{"self":[{"href":"https:\/\/prodecad.com\/es\/wp-json\/wp\/v2\/product\/856","targetHints":{"allow":["GET"]}}],"collection":[{"href":"https:\/\/prodecad.com\/es\/wp-json\/wp\/v2\/product"}],"about":[{"href":"https:\/\/prodecad.com\/es\/wp-json\/wp\/v2\/types\/product"}],"replies":[{"embeddable":true,"href":"https:\/\/prodecad.com\/es\/wp-json\/wp\/v2\/comments?post=856"}],"wp:featuredmedia":[{"embeddable":true,"href":"https:\/\/prodecad.com\/es\/wp-json\/wp\/v2\/media\/937"}],"wp:attachment":[{"href":"https:\/\/prodecad.com\/es\/wp-json\/wp\/v2\/media?parent=856"}],"wp:term":[{"taxonomy":"product_brand","embeddable":true,"href":"https:\/\/prodecad.com\/es\/wp-json\/wp\/v2\/product_brand?post=856"},{"taxonomy":"product_cat","embeddable":true,"href":"https:\/\/prodecad.com\/es\/wp-json\/wp\/v2\/product_cat?post=856"},{"taxonomy":"product_tag","embeddable":true,"href":"https:\/\/prodecad.com\/es\/wp-json\/wp\/v2\/product_tag?post=856"}],"curies":[{"name":"wp","href":"https:\/\/api.w.org\/{rel}","templated":true}]}}