{"id":370,"date":"2025-03-13T19:14:19","date_gmt":"2025-03-13T19:14:19","guid":{"rendered":"https:\/\/prodecad.com\/?post_type=product&#038;p=370"},"modified":"2025-12-02T08:41:43","modified_gmt":"2025-12-02T08:41:43","slug":"leonardo-da-vinci","status":"publish","type":"product","link":"https:\/\/prodecad.com\/es\/producto\/leonardo-da-vinci\/","title":{"rendered":"Leonardo Da Vinci"},"content":{"rendered":"<p>&#8216;Leonardo Da Vinci&#8217;, es nuestro segundo \u00e9xito de la Iconic Artist Collection. Dise\u00f1ada con una anatom\u00eda rectangular y optimizada para un ajuste perfecto en rehabilitaciones totales.<\/p>\n<p style=\"text-align: center;\"><strong>Incluida la instalaci\u00f3n de la biblioteca dental en su software de Exocad.<\/strong><\/p>\n","protected":false},"excerpt":{"rendered":"<p>&#8216;Leonardo Da Vinci&#8217;, es nuestro segundo \u00e9xito de la Iconic Artist Collection. Dise\u00f1ada con una anatom\u00eda rectangular y optimizada para un ajuste perfecto en rehabilitaciones totales. Incluida la instalaci\u00f3n de la biblioteca dental en su software de Exocad.<\/p>\n","protected":false},"featured_media":371,"comment_status":"open","ping_status":"closed","template":"","meta":{"content-type":"","_joinchat":[]},"product_brand":[38],"product_cat":[37],"product_tag":[],"class_list":{"0":"post-370","1":"product","2":"type-product","3":"status-publish","4":"has-post-thumbnail","6":"product_brand-prodecad","7":"product_cat-anatomias","9":"first","10":"instock","11":"downloadable","12":"virtual","13":"sold-individually","14":"taxable","15":"purchasable","16":"product-type-simple"},"yoast_head":"<!-- This site is optimized with the Yoast SEO plugin v27.4 - https:\/\/yoast.com\/product\/yoast-seo-wordpress\/ -->\n<title>Biblioteca Dental 3D cuadrada para Exocad - Leonardo Da Vinci<\/title>\n<meta name=\"description\" content=\"\u2705 Libreria dental en stl con forma juvenil para instalar en Exocad. Forma cuadrada de anatom\u00eda dental 3D para dise\u00f1o de alta est\u00e9tica.\" \/>\n<meta name=\"robots\" content=\"index, follow, max-snippet:-1, max-image-preview:large, max-video-preview:-1\" \/>\n<link rel=\"canonical\" href=\"https:\/\/prodecad.com\/es\/producto\/leonardo-da-vinci\/\" \/>\n<meta property=\"og:locale\" content=\"es_ES\" \/>\n<meta property=\"og:type\" content=\"article\" \/>\n<meta property=\"og:title\" content=\"Biblioteca Dental 3D cuadrada para Exocad - Leonardo Da Vinci\" \/>\n<meta property=\"og:description\" content=\"\u2705 Libreria dental en stl con forma juvenil para instalar en Exocad. Forma cuadrada de anatom\u00eda dental 3D para dise\u00f1o de alta est\u00e9tica.\" \/>\n<meta property=\"og:url\" content=\"https:\/\/prodecad.com\/es\/producto\/leonardo-da-vinci\/\" \/>\n<meta property=\"og:site_name\" content=\"Prodecad Dental\" \/>\n<meta property=\"article:modified_time\" content=\"2025-12-02T08:41:43+00:00\" \/>\n<meta property=\"og:image\" content=\"https:\/\/prodecad.com\/wp-content\/uploads\/2025\/03\/Anatomia-Dental-Digital-Leonardo-da-Vinci-Biblioteca-STL-de-Alta-Definicion.jpg\" \/>\n\t<meta property=\"og:image:width\" content=\"1215\" \/>\n\t<meta property=\"og:image:height\" content=\"1215\" \/>\n\t<meta property=\"og:image:type\" content=\"image\/jpeg\" \/>\n<meta name=\"twitter:card\" content=\"summary_large_image\" \/>\n<meta name=\"twitter:label1\" content=\"Tiempo de lectura\" \/>\n\t<meta name=\"twitter:data1\" content=\"1 minuto\" \/>\n<script type=\"application\/ld+json\" class=\"yoast-schema-graph\">{\"@context\":\"https:\\\/\\\/schema.org\",\"@graph\":[{\"@type\":\"WebPage\",\"@id\":\"https:\\\/\\\/prodecad.com\\\/es\\\/producto\\\/leonardo-da-vinci\\\/\",\"url\":\"https:\\\/\\\/prodecad.com\\\/es\\\/producto\\\/leonardo-da-vinci\\\/\",\"name\":\"Biblioteca Dental 3D cuadrada para Exocad - Leonardo Da Vinci\",\"isPartOf\":{\"@id\":\"https:\\\/\\\/prodecad.com\\\/#website\"},\"primaryImageOfPage\":{\"@id\":\"https:\\\/\\\/prodecad.com\\\/es\\\/producto\\\/leonardo-da-vinci\\\/#primaryimage\"},\"image\":{\"@id\":\"https:\\\/\\\/prodecad.com\\\/es\\\/producto\\\/leonardo-da-vinci\\\/#primaryimage\"},\"thumbnailUrl\":\"https:\\\/\\\/prodecad.com\\\/wp-content\\\/uploads\\\/2025\\\/03\\\/Anatomia-Dental-Digital-Leonardo-da-Vinci-Biblioteca-STL-de-Alta-Definicion.jpg\",\"datePublished\":\"2025-03-13T19:14:19+00:00\",\"dateModified\":\"2025-12-02T08:41:43+00:00\",\"description\":\"\u2705 Libreria dental en stl con forma juvenil para instalar en Exocad. Forma cuadrada de anatom\u00eda dental 3D para dise\u00f1o de alta est\u00e9tica.\",\"breadcrumb\":{\"@id\":\"https:\\\/\\\/prodecad.com\\\/es\\\/producto\\\/leonardo-da-vinci\\\/#breadcrumb\"},\"inLanguage\":\"es\",\"potentialAction\":[{\"@type\":\"ReadAction\",\"target\":[\"https:\\\/\\\/prodecad.com\\\/es\\\/producto\\\/leonardo-da-vinci\\\/\"]}]},{\"@type\":\"ImageObject\",\"inLanguage\":\"es\",\"@id\":\"https:\\\/\\\/prodecad.com\\\/es\\\/producto\\\/leonardo-da-vinci\\\/#primaryimage\",\"url\":\"https:\\\/\\\/prodecad.com\\\/wp-content\\\/uploads\\\/2025\\\/03\\\/Anatomia-Dental-Digital-Leonardo-da-Vinci-Biblioteca-STL-de-Alta-Definicion.jpg\",\"contentUrl\":\"https:\\\/\\\/prodecad.com\\\/wp-content\\\/uploads\\\/2025\\\/03\\\/Anatomia-Dental-Digital-Leonardo-da-Vinci-Biblioteca-STL-de-Alta-Definicion.jpg\",\"width\":1215,\"height\":1215,\"caption\":\"Dise\u00f1o CAD de anatom\u00eda dental con precisi\u00f3n inspirada en Leonardo da Vinci.\"},{\"@type\":\"BreadcrumbList\",\"@id\":\"https:\\\/\\\/prodecad.com\\\/es\\\/producto\\\/leonardo-da-vinci\\\/#breadcrumb\",\"itemListElement\":[{\"@type\":\"ListItem\",\"position\":1,\"name\":\"Portada\",\"item\":\"https:\\\/\\\/prodecad.com\\\/\"},{\"@type\":\"ListItem\",\"position\":2,\"name\":\"Productos\",\"item\":\"https:\\\/\\\/prodecad.com\\\/shop\\\/\"},{\"@type\":\"ListItem\",\"position\":3,\"name\":\"Leonardo Da Vinci\"}]},{\"@type\":\"WebSite\",\"@id\":\"https:\\\/\\\/prodecad.com\\\/#website\",\"url\":\"https:\\\/\\\/prodecad.com\\\/\",\"name\":\"Prodecad Dental\",\"description\":\"El Portal Digital del Sector Odontol\u00f3gico.\",\"publisher\":{\"@id\":\"https:\\\/\\\/prodecad.com\\\/#organization\"},\"potentialAction\":[{\"@type\":\"SearchAction\",\"target\":{\"@type\":\"EntryPoint\",\"urlTemplate\":\"https:\\\/\\\/prodecad.com\\\/?s={search_term_string}\"},\"query-input\":{\"@type\":\"PropertyValueSpecification\",\"valueRequired\":true,\"valueName\":\"search_term_string\"}}],\"inLanguage\":\"es\"},{\"@type\":\"Organization\",\"@id\":\"https:\\\/\\\/prodecad.com\\\/#organization\",\"name\":\"Prodecad Dental\",\"url\":\"https:\\\/\\\/prodecad.com\\\/\",\"logo\":{\"@type\":\"ImageObject\",\"inLanguage\":\"es\",\"@id\":\"https:\\\/\\\/prodecad.com\\\/#\\\/schema\\\/logo\\\/image\\\/\",\"url\":\"https:\\\/\\\/prodecad.com\\\/wp-content\\\/uploads\\\/2025\\\/03\\\/Logotipo-Prodecad-Blanco-sin-fondo.png\",\"contentUrl\":\"https:\\\/\\\/prodecad.com\\\/wp-content\\\/uploads\\\/2025\\\/03\\\/Logotipo-Prodecad-Blanco-sin-fondo.png\",\"width\":612,\"height\":125,\"caption\":\"Prodecad Dental\"},\"image\":{\"@id\":\"https:\\\/\\\/prodecad.com\\\/#\\\/schema\\\/logo\\\/image\\\/\"}}]}<\/script>\n<!-- \/ Yoast SEO plugin. -->","yoast_head_json":{"title":"Biblioteca Dental 3D cuadrada para Exocad - Leonardo Da Vinci","description":"\u2705 Libreria dental en stl con forma juvenil para instalar en Exocad. Forma cuadrada de anatom\u00eda dental 3D para dise\u00f1o de alta est\u00e9tica.","robots":{"index":"index","follow":"follow","max-snippet":"max-snippet:-1","max-image-preview":"max-image-preview:large","max-video-preview":"max-video-preview:-1"},"canonical":"https:\/\/prodecad.com\/es\/producto\/leonardo-da-vinci\/","og_locale":"es_ES","og_type":"article","og_title":"Biblioteca Dental 3D cuadrada para Exocad - Leonardo Da Vinci","og_description":"\u2705 Libreria dental en stl con forma juvenil para instalar en Exocad. Forma cuadrada de anatom\u00eda dental 3D para dise\u00f1o de alta est\u00e9tica.","og_url":"https:\/\/prodecad.com\/es\/producto\/leonardo-da-vinci\/","og_site_name":"Prodecad Dental","article_modified_time":"2025-12-02T08:41:43+00:00","og_image":[{"width":1215,"height":1215,"url":"https:\/\/prodecad.com\/wp-content\/uploads\/2025\/03\/Anatomia-Dental-Digital-Leonardo-da-Vinci-Biblioteca-STL-de-Alta-Definicion.jpg","type":"image\/jpeg"}],"twitter_card":"summary_large_image","twitter_misc":{"Tiempo de lectura":"1 minuto"},"schema":{"@context":"https:\/\/schema.org","@graph":[{"@type":"WebPage","@id":"https:\/\/prodecad.com\/es\/producto\/leonardo-da-vinci\/","url":"https:\/\/prodecad.com\/es\/producto\/leonardo-da-vinci\/","name":"Biblioteca Dental 3D cuadrada para Exocad - Leonardo Da Vinci","isPartOf":{"@id":"https:\/\/prodecad.com\/#website"},"primaryImageOfPage":{"@id":"https:\/\/prodecad.com\/es\/producto\/leonardo-da-vinci\/#primaryimage"},"image":{"@id":"https:\/\/prodecad.com\/es\/producto\/leonardo-da-vinci\/#primaryimage"},"thumbnailUrl":"https:\/\/prodecad.com\/wp-content\/uploads\/2025\/03\/Anatomia-Dental-Digital-Leonardo-da-Vinci-Biblioteca-STL-de-Alta-Definicion.jpg","datePublished":"2025-03-13T19:14:19+00:00","dateModified":"2025-12-02T08:41:43+00:00","description":"\u2705 Libreria dental en stl con forma juvenil para instalar en Exocad. Forma cuadrada de anatom\u00eda dental 3D para dise\u00f1o de alta est\u00e9tica.","breadcrumb":{"@id":"https:\/\/prodecad.com\/es\/producto\/leonardo-da-vinci\/#breadcrumb"},"inLanguage":"es","potentialAction":[{"@type":"ReadAction","target":["https:\/\/prodecad.com\/es\/producto\/leonardo-da-vinci\/"]}]},{"@type":"ImageObject","inLanguage":"es","@id":"https:\/\/prodecad.com\/es\/producto\/leonardo-da-vinci\/#primaryimage","url":"https:\/\/prodecad.com\/wp-content\/uploads\/2025\/03\/Anatomia-Dental-Digital-Leonardo-da-Vinci-Biblioteca-STL-de-Alta-Definicion.jpg","contentUrl":"https:\/\/prodecad.com\/wp-content\/uploads\/2025\/03\/Anatomia-Dental-Digital-Leonardo-da-Vinci-Biblioteca-STL-de-Alta-Definicion.jpg","width":1215,"height":1215,"caption":"Dise\u00f1o CAD de anatom\u00eda dental con precisi\u00f3n inspirada en Leonardo da Vinci."},{"@type":"BreadcrumbList","@id":"https:\/\/prodecad.com\/es\/producto\/leonardo-da-vinci\/#breadcrumb","itemListElement":[{"@type":"ListItem","position":1,"name":"Portada","item":"https:\/\/prodecad.com\/"},{"@type":"ListItem","position":2,"name":"Productos","item":"https:\/\/prodecad.com\/shop\/"},{"@type":"ListItem","position":3,"name":"Leonardo Da Vinci"}]},{"@type":"WebSite","@id":"https:\/\/prodecad.com\/#website","url":"https:\/\/prodecad.com\/","name":"Prodecad Dental","description":"El Portal Digital del Sector Odontol\u00f3gico.","publisher":{"@id":"https:\/\/prodecad.com\/#organization"},"potentialAction":[{"@type":"SearchAction","target":{"@type":"EntryPoint","urlTemplate":"https:\/\/prodecad.com\/?s={search_term_string}"},"query-input":{"@type":"PropertyValueSpecification","valueRequired":true,"valueName":"search_term_string"}}],"inLanguage":"es"},{"@type":"Organization","@id":"https:\/\/prodecad.com\/#organization","name":"Prodecad Dental","url":"https:\/\/prodecad.com\/","logo":{"@type":"ImageObject","inLanguage":"es","@id":"https:\/\/prodecad.com\/#\/schema\/logo\/image\/","url":"https:\/\/prodecad.com\/wp-content\/uploads\/2025\/03\/Logotipo-Prodecad-Blanco-sin-fondo.png","contentUrl":"https:\/\/prodecad.com\/wp-content\/uploads\/2025\/03\/Logotipo-Prodecad-Blanco-sin-fondo.png","width":612,"height":125,"caption":"Prodecad Dental"},"image":{"@id":"https:\/\/prodecad.com\/#\/schema\/logo\/image\/"}}]}},"jetpack_sharing_enabled":true,"_links":{"self":[{"href":"https:\/\/prodecad.com\/es\/wp-json\/wp\/v2\/product\/370","targetHints":{"allow":["GET"]}}],"collection":[{"href":"https:\/\/prodecad.com\/es\/wp-json\/wp\/v2\/product"}],"about":[{"href":"https:\/\/prodecad.com\/es\/wp-json\/wp\/v2\/types\/product"}],"replies":[{"embeddable":true,"href":"https:\/\/prodecad.com\/es\/wp-json\/wp\/v2\/comments?post=370"}],"wp:featuredmedia":[{"embeddable":true,"href":"https:\/\/prodecad.com\/es\/wp-json\/wp\/v2\/media\/371"}],"wp:attachment":[{"href":"https:\/\/prodecad.com\/es\/wp-json\/wp\/v2\/media?parent=370"}],"wp:term":[{"taxonomy":"product_brand","embeddable":true,"href":"https:\/\/prodecad.com\/es\/wp-json\/wp\/v2\/product_brand?post=370"},{"taxonomy":"product_cat","embeddable":true,"href":"https:\/\/prodecad.com\/es\/wp-json\/wp\/v2\/product_cat?post=370"},{"taxonomy":"product_tag","embeddable":true,"href":"https:\/\/prodecad.com\/es\/wp-json\/wp\/v2\/product_tag?post=370"}],"curies":[{"name":"wp","href":"https:\/\/api.w.org\/{rel}","templated":true}]}}