{"id":359,"date":"2025-03-13T18:51:29","date_gmt":"2025-03-13T18:51:29","guid":{"rendered":"https:\/\/prodecad.com\/?post_type=product&#038;p=359"},"modified":"2025-12-02T08:41:53","modified_gmt":"2025-12-02T08:41:53","slug":"old-pablo-picasso","status":"publish","type":"product","link":"https:\/\/prodecad.com\/es\/producto\/old-pablo-picasso\/","title":{"rendered":"Old Pablo Picasso"},"content":{"rendered":"<p data-start=\"51\" data-end=\"358\"><strong data-start=\"114\" data-end=\"135\">Old Pablo Picasso<\/strong> captura la evoluci\u00f3n natural del desgaste dental. Es la forma de dientes digital perfecta para lucirte con el maquillaje en un trabajo para un paciente de edad avanzada.<\/p>\n<p style=\"text-align: center;\" data-start=\"51\" data-end=\"358\"><strong>La instalaci\u00f3n de la librer\u00eda dental en su software de Exocad viene incluida.<\/strong><\/p>\n","protected":false},"excerpt":{"rendered":"<p>Old Pablo Picasso captura la evoluci\u00f3n natural del desgaste dental. Es la forma de dientes digital perfecta para lucirte con el maquillaje en un trabajo para un paciente de edad avanzada. La instalaci\u00f3n de la librer\u00eda dental en su software de Exocad viene incluida.<\/p>\n","protected":false},"featured_media":360,"comment_status":"open","ping_status":"closed","template":"","meta":{"content-type":"","_joinchat":[]},"product_brand":[38],"product_cat":[37],"product_tag":[],"class_list":{"0":"post-359","1":"product","2":"type-product","3":"status-publish","4":"has-post-thumbnail","6":"product_brand-prodecad","7":"product_cat-anatomias","9":"first","10":"instock","11":"downloadable","12":"virtual","13":"sold-individually","14":"taxable","15":"purchasable","16":"product-type-simple"},"yoast_head":"<!-- This site is optimized with the Yoast SEO plugin v27.4 - https:\/\/yoast.com\/product\/yoast-seo-wordpress\/ -->\n<title>Anatom\u00eda dental 3D para exocad - Old Pablo Picasso<\/title>\n<meta name=\"description\" content=\"\u2705 Librer\u00eda de dientes Old Pablo Picasso en stl para instalar en Exocad. Forma desgastada de anatom\u00eda dental 3D para dise\u00f1o de alta est\u00e9tica dental.\" \/>\n<meta name=\"robots\" content=\"index, follow, max-snippet:-1, max-image-preview:large, max-video-preview:-1\" \/>\n<link rel=\"canonical\" href=\"https:\/\/prodecad.com\/es\/producto\/old-pablo-picasso\/\" \/>\n<meta property=\"og:locale\" content=\"es_ES\" \/>\n<meta property=\"og:type\" content=\"article\" \/>\n<meta property=\"og:title\" content=\"Anatom\u00eda dental 3D para exocad - Old Pablo Picasso\" \/>\n<meta property=\"og:description\" content=\"\u2705 Librer\u00eda de dientes Old Pablo Picasso en stl para instalar en Exocad. Forma desgastada de anatom\u00eda dental 3D para dise\u00f1o de alta est\u00e9tica dental.\" \/>\n<meta property=\"og:url\" content=\"https:\/\/prodecad.com\/es\/producto\/old-pablo-picasso\/\" \/>\n<meta property=\"og:site_name\" content=\"Prodecad Dental\" \/>\n<meta property=\"article:modified_time\" content=\"2025-12-02T08:41:53+00:00\" \/>\n<meta property=\"og:image\" content=\"https:\/\/prodecad.com\/wp-content\/uploads\/2025\/03\/Modelo-STL-Old-Pablo-Picasso-Vista-frontal-de-dientes-envejecidos.png\" \/>\n\t<meta property=\"og:image:width\" content=\"1620\" \/>\n\t<meta property=\"og:image:height\" content=\"1620\" \/>\n\t<meta property=\"og:image:type\" content=\"image\/png\" \/>\n<meta name=\"twitter:card\" content=\"summary_large_image\" \/>\n<meta name=\"twitter:label1\" content=\"Tiempo de lectura\" \/>\n\t<meta name=\"twitter:data1\" content=\"1 minuto\" \/>\n<script type=\"application\/ld+json\" class=\"yoast-schema-graph\">{\"@context\":\"https:\\\/\\\/schema.org\",\"@graph\":[{\"@type\":\"WebPage\",\"@id\":\"https:\\\/\\\/prodecad.com\\\/es\\\/producto\\\/old-pablo-picasso\\\/\",\"url\":\"https:\\\/\\\/prodecad.com\\\/es\\\/producto\\\/old-pablo-picasso\\\/\",\"name\":\"Anatom\u00eda dental 3D para exocad - Old Pablo Picasso\",\"isPartOf\":{\"@id\":\"https:\\\/\\\/prodecad.com\\\/#website\"},\"primaryImageOfPage\":{\"@id\":\"https:\\\/\\\/prodecad.com\\\/es\\\/producto\\\/old-pablo-picasso\\\/#primaryimage\"},\"image\":{\"@id\":\"https:\\\/\\\/prodecad.com\\\/es\\\/producto\\\/old-pablo-picasso\\\/#primaryimage\"},\"thumbnailUrl\":\"https:\\\/\\\/prodecad.com\\\/wp-content\\\/uploads\\\/2025\\\/03\\\/Modelo-STL-Old-Pablo-Picasso-Vista-frontal-de-dientes-envejecidos.png\",\"datePublished\":\"2025-03-13T18:51:29+00:00\",\"dateModified\":\"2025-12-02T08:41:53+00:00\",\"description\":\"\u2705 Librer\u00eda de dientes Old Pablo Picasso en stl para instalar en Exocad. Forma desgastada de anatom\u00eda dental 3D para dise\u00f1o de alta est\u00e9tica dental.\",\"breadcrumb\":{\"@id\":\"https:\\\/\\\/prodecad.com\\\/es\\\/producto\\\/old-pablo-picasso\\\/#breadcrumb\"},\"inLanguage\":\"es\",\"potentialAction\":[{\"@type\":\"ReadAction\",\"target\":[\"https:\\\/\\\/prodecad.com\\\/es\\\/producto\\\/old-pablo-picasso\\\/\"]}]},{\"@type\":\"ImageObject\",\"inLanguage\":\"es\",\"@id\":\"https:\\\/\\\/prodecad.com\\\/es\\\/producto\\\/old-pablo-picasso\\\/#primaryimage\",\"url\":\"https:\\\/\\\/prodecad.com\\\/wp-content\\\/uploads\\\/2025\\\/03\\\/Modelo-STL-Old-Pablo-Picasso-Vista-frontal-de-dientes-envejecidos.png\",\"contentUrl\":\"https:\\\/\\\/prodecad.com\\\/wp-content\\\/uploads\\\/2025\\\/03\\\/Modelo-STL-Old-Pablo-Picasso-Vista-frontal-de-dientes-envejecidos.png\",\"width\":1620,\"height\":1620,\"caption\":\"Modelo STL con desgaste natural, optimizado para pr\u00f3tesis digitales.\"},{\"@type\":\"BreadcrumbList\",\"@id\":\"https:\\\/\\\/prodecad.com\\\/es\\\/producto\\\/old-pablo-picasso\\\/#breadcrumb\",\"itemListElement\":[{\"@type\":\"ListItem\",\"position\":1,\"name\":\"Portada\",\"item\":\"https:\\\/\\\/prodecad.com\\\/\"},{\"@type\":\"ListItem\",\"position\":2,\"name\":\"Productos\",\"item\":\"https:\\\/\\\/prodecad.com\\\/shop\\\/\"},{\"@type\":\"ListItem\",\"position\":3,\"name\":\"Old Pablo Picasso\"}]},{\"@type\":\"WebSite\",\"@id\":\"https:\\\/\\\/prodecad.com\\\/#website\",\"url\":\"https:\\\/\\\/prodecad.com\\\/\",\"name\":\"Prodecad Dental\",\"description\":\"El Portal Digital del Sector Odontol\u00f3gico.\",\"publisher\":{\"@id\":\"https:\\\/\\\/prodecad.com\\\/#organization\"},\"potentialAction\":[{\"@type\":\"SearchAction\",\"target\":{\"@type\":\"EntryPoint\",\"urlTemplate\":\"https:\\\/\\\/prodecad.com\\\/?s={search_term_string}\"},\"query-input\":{\"@type\":\"PropertyValueSpecification\",\"valueRequired\":true,\"valueName\":\"search_term_string\"}}],\"inLanguage\":\"es\"},{\"@type\":\"Organization\",\"@id\":\"https:\\\/\\\/prodecad.com\\\/#organization\",\"name\":\"Prodecad Dental\",\"url\":\"https:\\\/\\\/prodecad.com\\\/\",\"logo\":{\"@type\":\"ImageObject\",\"inLanguage\":\"es\",\"@id\":\"https:\\\/\\\/prodecad.com\\\/#\\\/schema\\\/logo\\\/image\\\/\",\"url\":\"https:\\\/\\\/prodecad.com\\\/wp-content\\\/uploads\\\/2025\\\/03\\\/Logotipo-Prodecad-Blanco-sin-fondo.png\",\"contentUrl\":\"https:\\\/\\\/prodecad.com\\\/wp-content\\\/uploads\\\/2025\\\/03\\\/Logotipo-Prodecad-Blanco-sin-fondo.png\",\"width\":612,\"height\":125,\"caption\":\"Prodecad Dental\"},\"image\":{\"@id\":\"https:\\\/\\\/prodecad.com\\\/#\\\/schema\\\/logo\\\/image\\\/\"}}]}<\/script>\n<!-- \/ Yoast SEO plugin. -->","yoast_head_json":{"title":"Anatom\u00eda dental 3D para exocad - Old Pablo Picasso","description":"\u2705 Librer\u00eda de dientes Old Pablo Picasso en stl para instalar en Exocad. Forma desgastada de anatom\u00eda dental 3D para dise\u00f1o de alta est\u00e9tica dental.","robots":{"index":"index","follow":"follow","max-snippet":"max-snippet:-1","max-image-preview":"max-image-preview:large","max-video-preview":"max-video-preview:-1"},"canonical":"https:\/\/prodecad.com\/es\/producto\/old-pablo-picasso\/","og_locale":"es_ES","og_type":"article","og_title":"Anatom\u00eda dental 3D para exocad - Old Pablo Picasso","og_description":"\u2705 Librer\u00eda de dientes Old Pablo Picasso en stl para instalar en Exocad. Forma desgastada de anatom\u00eda dental 3D para dise\u00f1o de alta est\u00e9tica dental.","og_url":"https:\/\/prodecad.com\/es\/producto\/old-pablo-picasso\/","og_site_name":"Prodecad Dental","article_modified_time":"2025-12-02T08:41:53+00:00","og_image":[{"width":1620,"height":1620,"url":"https:\/\/prodecad.com\/wp-content\/uploads\/2025\/03\/Modelo-STL-Old-Pablo-Picasso-Vista-frontal-de-dientes-envejecidos.png","type":"image\/png"}],"twitter_card":"summary_large_image","twitter_misc":{"Tiempo de lectura":"1 minuto"},"schema":{"@context":"https:\/\/schema.org","@graph":[{"@type":"WebPage","@id":"https:\/\/prodecad.com\/es\/producto\/old-pablo-picasso\/","url":"https:\/\/prodecad.com\/es\/producto\/old-pablo-picasso\/","name":"Anatom\u00eda dental 3D para exocad - Old Pablo Picasso","isPartOf":{"@id":"https:\/\/prodecad.com\/#website"},"primaryImageOfPage":{"@id":"https:\/\/prodecad.com\/es\/producto\/old-pablo-picasso\/#primaryimage"},"image":{"@id":"https:\/\/prodecad.com\/es\/producto\/old-pablo-picasso\/#primaryimage"},"thumbnailUrl":"https:\/\/prodecad.com\/wp-content\/uploads\/2025\/03\/Modelo-STL-Old-Pablo-Picasso-Vista-frontal-de-dientes-envejecidos.png","datePublished":"2025-03-13T18:51:29+00:00","dateModified":"2025-12-02T08:41:53+00:00","description":"\u2705 Librer\u00eda de dientes Old Pablo Picasso en stl para instalar en Exocad. Forma desgastada de anatom\u00eda dental 3D para dise\u00f1o de alta est\u00e9tica dental.","breadcrumb":{"@id":"https:\/\/prodecad.com\/es\/producto\/old-pablo-picasso\/#breadcrumb"},"inLanguage":"es","potentialAction":[{"@type":"ReadAction","target":["https:\/\/prodecad.com\/es\/producto\/old-pablo-picasso\/"]}]},{"@type":"ImageObject","inLanguage":"es","@id":"https:\/\/prodecad.com\/es\/producto\/old-pablo-picasso\/#primaryimage","url":"https:\/\/prodecad.com\/wp-content\/uploads\/2025\/03\/Modelo-STL-Old-Pablo-Picasso-Vista-frontal-de-dientes-envejecidos.png","contentUrl":"https:\/\/prodecad.com\/wp-content\/uploads\/2025\/03\/Modelo-STL-Old-Pablo-Picasso-Vista-frontal-de-dientes-envejecidos.png","width":1620,"height":1620,"caption":"Modelo STL con desgaste natural, optimizado para pr\u00f3tesis digitales."},{"@type":"BreadcrumbList","@id":"https:\/\/prodecad.com\/es\/producto\/old-pablo-picasso\/#breadcrumb","itemListElement":[{"@type":"ListItem","position":1,"name":"Portada","item":"https:\/\/prodecad.com\/"},{"@type":"ListItem","position":2,"name":"Productos","item":"https:\/\/prodecad.com\/shop\/"},{"@type":"ListItem","position":3,"name":"Old Pablo Picasso"}]},{"@type":"WebSite","@id":"https:\/\/prodecad.com\/#website","url":"https:\/\/prodecad.com\/","name":"Prodecad Dental","description":"El Portal Digital del Sector Odontol\u00f3gico.","publisher":{"@id":"https:\/\/prodecad.com\/#organization"},"potentialAction":[{"@type":"SearchAction","target":{"@type":"EntryPoint","urlTemplate":"https:\/\/prodecad.com\/?s={search_term_string}"},"query-input":{"@type":"PropertyValueSpecification","valueRequired":true,"valueName":"search_term_string"}}],"inLanguage":"es"},{"@type":"Organization","@id":"https:\/\/prodecad.com\/#organization","name":"Prodecad Dental","url":"https:\/\/prodecad.com\/","logo":{"@type":"ImageObject","inLanguage":"es","@id":"https:\/\/prodecad.com\/#\/schema\/logo\/image\/","url":"https:\/\/prodecad.com\/wp-content\/uploads\/2025\/03\/Logotipo-Prodecad-Blanco-sin-fondo.png","contentUrl":"https:\/\/prodecad.com\/wp-content\/uploads\/2025\/03\/Logotipo-Prodecad-Blanco-sin-fondo.png","width":612,"height":125,"caption":"Prodecad Dental"},"image":{"@id":"https:\/\/prodecad.com\/#\/schema\/logo\/image\/"}}]}},"jetpack_sharing_enabled":true,"_links":{"self":[{"href":"https:\/\/prodecad.com\/es\/wp-json\/wp\/v2\/product\/359","targetHints":{"allow":["GET"]}}],"collection":[{"href":"https:\/\/prodecad.com\/es\/wp-json\/wp\/v2\/product"}],"about":[{"href":"https:\/\/prodecad.com\/es\/wp-json\/wp\/v2\/types\/product"}],"replies":[{"embeddable":true,"href":"https:\/\/prodecad.com\/es\/wp-json\/wp\/v2\/comments?post=359"}],"wp:featuredmedia":[{"embeddable":true,"href":"https:\/\/prodecad.com\/es\/wp-json\/wp\/v2\/media\/360"}],"wp:attachment":[{"href":"https:\/\/prodecad.com\/es\/wp-json\/wp\/v2\/media?parent=359"}],"wp:term":[{"taxonomy":"product_brand","embeddable":true,"href":"https:\/\/prodecad.com\/es\/wp-json\/wp\/v2\/product_brand?post=359"},{"taxonomy":"product_cat","embeddable":true,"href":"https:\/\/prodecad.com\/es\/wp-json\/wp\/v2\/product_cat?post=359"},{"taxonomy":"product_tag","embeddable":true,"href":"https:\/\/prodecad.com\/es\/wp-json\/wp\/v2\/product_tag?post=359"}],"curies":[{"name":"wp","href":"https:\/\/api.w.org\/{rel}","templated":true}]}}